{"id":769,"date":"2023-11-23T13:54:44","date_gmt":"2023-11-23T12:54:44","guid":{"rendered":"https:\/\/myinvit.com\/wp\/?page_id=769"},"modified":"2025-11-14T15:10:27","modified_gmt":"2025-11-14T14:10:27","slug":"comment-ca-marche-faire-part-mariage","status":"publish","type":"page","link":"https:\/\/myinvit.com\/wp\/comment-ca-marche-faire-part-mariage\/","title":{"rendered":"Comment \u00e7a marche ?"},"content":{"rendered":"\t\t<div data-elementor-type=\"wp-page\" data-elementor-id=\"769\" class=\"elementor elementor-769\" data-elementor-post-type=\"page\">\n\t\t\t\t<div class=\"elementor-element elementor-element-00bd519 e-flex e-con-boxed e-con e-parent\" data-id=\"00bd519\" data-element_type=\"container\" data-e-type=\"container\" data-settings=\"{&quot;background_background&quot;:&quot;classic&quot;}\">\n\t\t\t\t\t<div class=\"e-con-inner\">\n\t\t<div class=\"elementor-element elementor-element-b3d5241 e-con-full e-flex e-con e-child\" data-id=\"b3d5241\" data-element_type=\"container\" data-e-type=\"container\">\n\t\t\t\t<div class=\"elementor-element elementor-element-250a548 elementor-widget elementor-widget-text-editor\" data-id=\"250a548\" data-element_type=\"widget\" data-e-type=\"widget\" data-widget_type=\"text-editor.default\">\n\t\t\t\t<div class=\"elementor-widget-container\">\n\t\t\t\t\t\t\t\t\t<h1 style=\"font-size: 52px; line-height: 62px;\"><strong>Comment \u00e7a marche ?<\/strong><\/h1>\t\t\t\t\t\t\t\t<\/div>\n\t\t\t\t<\/div>\n\t\t\t\t<\/div>\n\t\t<div class=\"elementor-element elementor-element-8029c46 e-con-full e-flex e-con e-child\" data-id=\"8029c46\" data-element_type=\"container\" data-e-type=\"container\">\n\t\t\t\t<div class=\"elementor-element elementor-element-4c0040e elementor-widget elementor-widget-text-editor\" data-id=\"4c0040e\" data-element_type=\"widget\" data-e-type=\"widget\" data-widget_type=\"text-editor.default\">\n\t\t\t\t<div class=\"elementor-widget-container\">\n\t\t\t\t\t\t\t\t\t<h2>Votre faire-part de mariage envoy\u00e9 sur WhatsApp en 4 \u00e9tapes.<\/h2><p>D\u00e9couvrez comment cr\u00e9er et envoyer votre faire-part num\u00e9rique sur WhatsApp en seulement quatre \u00e9tapes simples et rapides.<\/p>\t\t\t\t\t\t\t\t<\/div>\n\t\t\t\t<\/div>\n\t\t\t\t<\/div>\n\t\t\t\t\t<\/div>\n\t\t\t\t<\/div>\n\t\t<div class=\"elementor-element elementor-element-337fdcd e-flex e-con-boxed e-con e-parent\" data-id=\"337fdcd\" data-element_type=\"container\" data-e-type=\"container\">\n\t\t\t\t\t<div class=\"e-con-inner\">\n\t\t<div class=\"elementor-element elementor-element-a00bb8a e-con-full e-flex e-con e-child\" data-id=\"a00bb8a\" data-element_type=\"container\" data-e-type=\"container\">\n\t\t\t\t<div class=\"elementor-element elementor-element-088e273 elementor-widget elementor-widget-text-editor\" data-id=\"088e273\" data-element_type=\"widget\" data-e-type=\"widget\" data-widget_type=\"text-editor.default\">\n\t\t\t\t<div class=\"elementor-widget-container\">\n\t\t\t\t\t\t\t\t\t<h3>\ud83e\udde9 \u00c9tape 1<\/h3><h3 style=\"color: #d31d53;\">Choisir un mod\u00e8le de faire-part<\/h3><p>Parcourez\u00a0 les <strong>mod\u00e8les de faire-part de mariage<\/strong>. Chaque mod\u00e8le est cr\u00e9\u00e9 pour toucher vos invit\u00e9s d\u00e8s les premi\u00e8res secondes.<\/p>\t\t\t\t\t\t\t\t<\/div>\n\t\t\t\t<\/div>\n\t\t\t\t<\/div>\n\t\t<div class=\"elementor-element elementor-element-1f81ab6 e-con-full e-flex e-con e-child\" data-id=\"1f81ab6\" data-element_type=\"container\" data-e-type=\"container\">\n\t\t\t\t<div class=\"elementor-element elementor-element-46a02ea elementor-widget elementor-widget-text-editor\" data-id=\"46a02ea\" data-element_type=\"widget\" data-e-type=\"widget\" data-widget_type=\"text-editor.default\">\n\t\t\t\t<div class=\"elementor-widget-container\">\n\t\t\t\t\t\t\t\t\t<h3>\u270d\ufe0f \u00c9tape 2<\/h3><h3 style=\"color: #d31d53;\">Personnalisez votre faire-part vid\u00e9o<\/h3><p><strong>Ajoutez<\/strong> les pr\u00e9noms, la date du mariage, les lieux des \u00e9v\u00e9nements\u2026 <strong>Vous pouvez \u00e9galement<\/strong> int\u00e9grer une photo ou une musique.<\/p>\t\t\t\t\t\t\t\t<\/div>\n\t\t\t\t<\/div>\n\t\t\t\t<\/div>\n\t\t<div class=\"elementor-element elementor-element-714db65 e-con-full e-flex e-con e-child\" data-id=\"714db65\" data-element_type=\"container\" data-e-type=\"container\">\n\t\t\t\t<div class=\"elementor-element elementor-element-cfe2c5f elementor-widget elementor-widget-text-editor\" data-id=\"cfe2c5f\" data-element_type=\"widget\" data-e-type=\"widget\" data-widget_type=\"text-editor.default\">\n\t\t\t\t<div class=\"elementor-widget-container\">\n\t\t\t\t\t\t\t\t\t<h3>\ud83d\ude80 \u00c9tape 3<\/h3>\n<h3 style=\"color: #d31d53;\">Recevoir et envoyer votre faire-part<\/h3>\nVotre <strong>faire-part<\/strong> est mont\u00e9 par notre \u00e9quipe et livr\u00e9 en moins de 24h. Vous recevez un lien unique \u00e0 partager via <strong>WhatsApp ou SMS<\/strong>.\t\t\t\t\t\t\t\t<\/div>\n\t\t\t\t<\/div>\n\t\t\t\t<\/div>\n\t\t<div class=\"elementor-element elementor-element-ec0adca e-con-full e-flex e-con e-child\" data-id=\"ec0adca\" data-element_type=\"container\" data-e-type=\"container\">\n\t\t\t\t<div class=\"elementor-element elementor-element-aa93c31 elementor-widget elementor-widget-text-editor\" data-id=\"aa93c31\" data-element_type=\"widget\" data-e-type=\"widget\" data-widget_type=\"text-editor.default\">\n\t\t\t\t<div class=\"elementor-widget-container\">\n\t\t\t\t\t\t\t\t\t<h3>\ud83d\udcca \u00c9tape 4<\/h3>\n<h3 style=\"color: #d31d53;\">Votre au tableau\nde bord<\/h3>\nSuivez toutes les r\u00e9ponses de vos invit\u00e9s, <strong>centralis\u00e9es au m\u00eame endroit<\/strong> dans votre espace personnel.\t\t\t\t\t\t\t\t<\/div>\n\t\t\t\t<\/div>\n\t\t\t\t<\/div>\n\t\t\t\t\t<\/div>\n\t\t\t\t<\/div>\n\t\t<div class=\"elementor-element elementor-element-7836042 elementor-hidden-tablet elementor-hidden-mobile e-con-full e-flex e-con e-parent\" data-id=\"7836042\" data-element_type=\"container\" data-e-type=\"container\" data-settings=\"{&quot;background_background&quot;:&quot;classic&quot;}\">\n\t\t<div class=\"elementor-element elementor-element-49118df e-con-full e-flex e-con e-child\" data-id=\"49118df\" data-element_type=\"container\" data-e-type=\"container\">\n\t\t\t\t<div class=\"elementor-element elementor-element-c3b92b6 elementor-widget elementor-widget-video\" data-id=\"c3b92b6\" data-element_type=\"widget\" data-e-type=\"widget\" data-settings=\"{&quot;video_type&quot;:&quot;hosted&quot;,&quot;autoplay&quot;:&quot;yes&quot;,&quot;mute&quot;:&quot;yes&quot;,&quot;loop&quot;:&quot;yes&quot;,&quot;controls&quot;:&quot;yes&quot;}\" data-widget_type=\"video.default\">\n\t\t\t\t<div class=\"elementor-widget-container\">\n\t\t\t\t\t\t\t<div class=\"e-hosted-video elementor-wrapper elementor-open-inline\">\n\t\t\t\t\t<video class=\"elementor-video\" src=\"https:\/\/myinvit.com\/wp\/wp-content\/uploads\/2024\/06\/Composition-1.webm\" autoplay=\"\" loop=\"\" controls=\"\" muted=\"muted\" controlsList=\"nodownload\" poster=\"https:\/\/myinvit.com\/wp\/wp-content\/uploads\/2024\/10\/30_Pricing_Candidate_Recruitment_Platform-svg_shape_banana.svg\"><\/video>\n\t\t\t\t<\/div>\n\t\t\t\t\t\t<\/div>\n\t\t\t\t<\/div>\n\t\t\t\t<\/div>\n\t\t<div class=\"elementor-element elementor-element-e3b6cfa e-con-full e-flex e-con e-child\" data-id=\"e3b6cfa\" data-element_type=\"container\" data-e-type=\"container\">\n\t\t\t\t<div class=\"elementor-element elementor-element-8bc1606 elementor-widget elementor-widget-text-editor\" data-id=\"8bc1606\" data-element_type=\"widget\" data-e-type=\"widget\" data-widget_type=\"text-editor.default\">\n\t\t\t\t<div class=\"elementor-widget-container\">\n\t\t\t\t\t\t\t\t\t<h2>Pourquoi utiliser MyInvit pour envoyer un faire-part de mariage ?<\/h2><ul><li><p>Un format vid\u00e9o original <b>qui surprend<\/b><\/p><\/li><li><p>Une livraison <b>rapide<\/b> (moins de 24h)<\/p><\/li><li><p>Une alternative <b>\u00e9cologique<\/b> au papier<\/p><\/li><li><p>Une gestion <b>simple et intuitive<\/b> des invit\u00e9s<\/p><\/li><\/ul><h3>Pour aller plus loin<br \/><span style=\"font-weight: normal;\"><a style=\"font-size: 15px; font-style: inherit; background-color: #ffffff;\" href=\"https:\/\/myinvit.com\/wp\/tableau-de-bord-reponses-invites-mariage\/\">Tableau de bord invit\u00e9s mariage : fini le stress !<\/a><br \/><a style=\"font-size: 15px; font-style: inherit; background-color: #ffffff;\" href=\"https:\/\/myinvit.com\/wp\/tendances-faire-part-mariage-2025\/\">Les tendances faire-part 2025<\/a><br \/><a style=\"font-size: 15px; font-style: inherit; background-color: #ffffff;\" href=\"https:\/\/api.whatsapp.com\/send\/?phone=33745145948&amp;text=Bonjour+MyInvit%2C&amp;type=phone_number&amp;app_absent=0\">Nous contacter<\/a><\/span><\/h3><p>Et pour plus d&#8217;inspiration, consulte aussi cet article de r\u00e9f\u00e9rence :<br \/><a href=\"https:\/\/www.mariages.net\/articles\">Id\u00e9es de faire-part originaux \u2013 Mariages.net<\/a><\/p><h3>Commencer \u00e0 cr\u00e9er ton faire-part<\/h3><p><strong>Pr\u00eat \u00e0 cr\u00e9er votre faire-part de mariage ?<\/strong> Commencez d\u00e8s maintenant avec MyInvit et faites briller votre annonce,\u00a0<a href=\"https:\/\/api.whatsapp.com\/send\/?phone=33745145948&amp;text=Bonjour+MyInvit%2C&amp;type=phone_number&amp;app_absent=0\" target=\"_blank\" rel=\"noopener\">toujours disponible sur WhatsApp<\/a>\u00a0!<\/p>\t\t\t\t\t\t\t\t<\/div>\n\t\t\t\t<\/div>\n\t\t\t\t<div class=\"elementor-element elementor-element-29acc0d elementor-widget elementor-widget-button\" data-id=\"29acc0d\" data-element_type=\"widget\" data-e-type=\"widget\" data-widget_type=\"button.default\">\n\t\t\t\t<div class=\"elementor-widget-container\">\n\t\t\t\t\t\t\t\t\t<div class=\"elementor-button-wrapper\">\n\t\t\t\t\t<a class=\"elementor-button elementor-button-link elementor-size-sm\" href=\"https:\/\/myinvit.com\/wp\/?page_id=691\">\n\t\t\t\t\t\t<span class=\"elementor-button-content-wrapper\">\n\t\t\t\t\t\t\t\t\t<span class=\"elementor-button-text\">Commencer<\/span>\n\t\t\t\t\t<\/span>\n\t\t\t\t\t<\/a>\n\t\t\t\t<\/div>\n\t\t\t\t\t\t\t\t<\/div>\n\t\t\t\t<\/div>\n\t\t\t\t<\/div>\n\t\t\t\t<\/div>\n\t\t\t\t<\/div>\n\t\t","protected":false},"excerpt":{"rendered":"<p>Comment \u00e7a marche ? Votre faire-part de mariage envoy\u00e9 sur WhatsApp en 4 \u00e9tapes. D\u00e9couvrez comment cr\u00e9er et envoyer votre faire-part num\u00e9rique sur WhatsApp en seulement quatre \u00e9tapes simples et rapides. \ud83e\udde9 \u00c9tape 1 Choisir un mod\u00e8le de faire-part Parcourez\u00a0 les mod\u00e8les de faire-part de mariage. Chaque mod\u00e8le est cr\u00e9\u00e9 pour toucher vos invit\u00e9s d\u00e8s [&hellip;]<\/p>\n","protected":false},"author":1,"featured_media":0,"parent":0,"menu_order":0,"comment_status":"closed","ping_status":"closed","template":"","meta":{"site-sidebar-layout":"default","site-content-layout":"","ast-site-content-layout":"default","site-content-style":"default","site-sidebar-style":"default","ast-global-header-display":"","ast-banner-title-visibility":"","ast-main-header-display":"","ast-hfb-above-header-display":"","ast-hfb-below-header-display":"","ast-hfb-mobile-header-display":"","site-post-title":"","ast-breadcrumbs-content":"","ast-featured-img":"","footer-sml-layout":"","ast-disable-related-posts":"","theme-transparent-header-meta":"","adv-header-id-meta":"","stick-header-meta":"","header-above-stick-meta":"","header-main-stick-meta":"","header-below-stick-meta":"","astra-migrate-meta-layouts":"default","ast-page-background-enabled":"default","ast-page-background-meta":{"desktop":{"background-color":"var(--ast-global-color-4)","background-image":"","background-repeat":"repeat","background-position":"center center","background-size":"auto","background-attachment":"scroll","background-type":"","background-media":"","overlay-type":"","overlay-color":"","overlay-opacity":"","overlay-gradient":""},"tablet":{"background-color":"","background-image":"","background-repeat":"repeat","background-position":"center center","background-size":"auto","background-attachment":"scroll","background-type":"","background-media":"","overlay-type":"","overlay-color":"","overlay-opacity":"","overlay-gradient":""},"mobile":{"background-color":"","background-image":"","background-repeat":"repeat","background-position":"center center","background-size":"auto","background-attachment":"scroll","background-type":"","background-media":"","overlay-type":"","overlay-color":"","overlay-opacity":"","overlay-gradient":""}},"ast-content-background-meta":{"desktop":{"background-color":"var(--ast-global-color-5)","background-image":"","background-repeat":"repeat","background-position":"center center","background-size":"auto","background-attachment":"scroll","background-type":"","background-media":"","overlay-type":"","overlay-color":"","overlay-opacity":"","overlay-gradient":""},"tablet":{"background-color":"var(--ast-global-color-5)","background-image":"","background-repeat":"repeat","background-position":"center center","background-size":"auto","background-attachment":"scroll","background-type":"","background-media":"","overlay-type":"","overlay-color":"","overlay-opacity":"","overlay-gradient":""},"mobile":{"background-color":"var(--ast-global-color-5)","background-image":"","background-repeat":"repeat","background-position":"center center","background-size":"auto","background-attachment":"scroll","background-type":"","background-media":"","overlay-type":"","overlay-color":"","overlay-opacity":"","overlay-gradient":""}},"footnotes":""},"class_list":["post-769","page","type-page","status-publish","hentry"],"yoast_head":"<!-- This site is optimized with the Yoast SEO plugin v26.9 - https:\/\/yoast.com\/product\/yoast-seo-wordpress\/ -->\n<title>Comment \u00e7a marche en 5 \u00e9tapes | Faire-part de Mariage MyInvit<\/title>\n<meta name=\"description\" content=\"D\u00e9couvrez comment cr\u00e9er et envoyer votre faire-part de mariage en 5 \u00e9tapes simples. Personnalisation, et gestion facile des invitations.\" \/>\n<meta name=\"robots\" content=\"index, follow, max-snippet:-1, max-image-preview:large, max-video-preview:-1\" \/>\n<link rel=\"canonical\" href=\"https:\/\/myinvit.com\/wp\/comment-ca-marche-faire-part-mariage\/\" \/>\n<meta property=\"og:locale\" content=\"fr_FR\" \/>\n<meta property=\"og:type\" content=\"article\" \/>\n<meta property=\"og:title\" content=\"Comment \u00e7a marche en 5 \u00e9tapes | Faire-part de Mariage MyInvit\" \/>\n<meta property=\"og:description\" content=\"D\u00e9couvrez comment cr\u00e9er et envoyer votre faire-part de mariage en 5 \u00e9tapes simples. Personnalisation, et gestion facile des invitations.\" \/>\n<meta property=\"og:url\" content=\"https:\/\/myinvit.com\/wp\/comment-ca-marche-faire-part-mariage\/\" \/>\n<meta property=\"og:site_name\" content=\"\ud83d\udc8d\ud83d\udc8c MyInvit\" \/>\n<meta property=\"article:modified_time\" content=\"2025-11-14T14:10:27+00:00\" \/>\n<meta name=\"twitter:card\" content=\"summary_large_image\" \/>\n<meta name=\"twitter:label1\" content=\"Dur\u00e9e de lecture estim\u00e9e\" \/>\n\t<meta name=\"twitter:data1\" content=\"2 minutes\" \/>\n<!-- \/ Yoast SEO plugin. -->","yoast_head_json":{"title":"Comment \u00e7a marche en 5 \u00e9tapes | Faire-part de Mariage MyInvit","description":"D\u00e9couvrez comment cr\u00e9er et envoyer votre faire-part de mariage en 5 \u00e9tapes simples. Personnalisation, et gestion facile des invitations.","robots":{"index":"index","follow":"follow","max-snippet":"max-snippet:-1","max-image-preview":"max-image-preview:large","max-video-preview":"max-video-preview:-1"},"canonical":"https:\/\/myinvit.com\/wp\/comment-ca-marche-faire-part-mariage\/","og_locale":"fr_FR","og_type":"article","og_title":"Comment \u00e7a marche en 5 \u00e9tapes | Faire-part de Mariage MyInvit","og_description":"D\u00e9couvrez comment cr\u00e9er et envoyer votre faire-part de mariage en 5 \u00e9tapes simples. Personnalisation, et gestion facile des invitations.","og_url":"https:\/\/myinvit.com\/wp\/comment-ca-marche-faire-part-mariage\/","og_site_name":"\ud83d\udc8d\ud83d\udc8c MyInvit","article_modified_time":"2025-11-14T14:10:27+00:00","twitter_card":"summary_large_image","twitter_misc":{"Dur\u00e9e de lecture estim\u00e9e":"2 minutes"},"schema":{"@context":"https:\/\/schema.org","@graph":[{"@type":"WebPage","@id":"https:\/\/myinvit.com\/wp\/comment-ca-marche-faire-part-mariage\/","url":"https:\/\/myinvit.com\/wp\/comment-ca-marche-faire-part-mariage\/","name":"Comment \u00e7a marche en 5 \u00e9tapes | Faire-part de Mariage MyInvit","isPartOf":{"@id":"https:\/\/myinvit.com\/wp\/#website"},"datePublished":"2023-11-23T12:54:44+00:00","dateModified":"2025-11-14T14:10:27+00:00","description":"D\u00e9couvrez comment cr\u00e9er et envoyer votre faire-part de mariage en 5 \u00e9tapes simples. Personnalisation, et gestion facile des invitations.","breadcrumb":{"@id":"https:\/\/myinvit.com\/wp\/comment-ca-marche-faire-part-mariage\/#breadcrumb"},"inLanguage":"fr-FR","potentialAction":[{"@type":"ReadAction","target":["https:\/\/myinvit.com\/wp\/comment-ca-marche-faire-part-mariage\/"]}]},{"@type":"BreadcrumbList","@id":"https:\/\/myinvit.com\/wp\/comment-ca-marche-faire-part-mariage\/#breadcrumb","itemListElement":[{"@type":"ListItem","position":1,"name":"Home","item":"https:\/\/myinvit.com\/wp\/"},{"@type":"ListItem","position":2,"name":"Comment \u00e7a marche ?"}]},{"@type":"WebSite","@id":"https:\/\/myinvit.com\/wp\/#website","url":"https:\/\/myinvit.com\/wp\/","name":"\ud83d\udc8d\ud83d\udc8c MyInvit","description":"Faire part mariage","potentialAction":[{"@type":"SearchAction","target":{"@type":"EntryPoint","urlTemplate":"https:\/\/myinvit.com\/wp\/?s={search_term_string}"},"query-input":{"@type":"PropertyValueSpecification","valueRequired":true,"valueName":"search_term_string"}}],"inLanguage":"fr-FR"}]}},"_links":{"self":[{"href":"https:\/\/myinvit.com\/wp\/wp-json\/wp\/v2\/pages\/769","targetHints":{"allow":["GET"]}}],"collection":[{"href":"https:\/\/myinvit.com\/wp\/wp-json\/wp\/v2\/pages"}],"about":[{"href":"https:\/\/myinvit.com\/wp\/wp-json\/wp\/v2\/types\/page"}],"author":[{"embeddable":true,"href":"https:\/\/myinvit.com\/wp\/wp-json\/wp\/v2\/users\/1"}],"replies":[{"embeddable":true,"href":"https:\/\/myinvit.com\/wp\/wp-json\/wp\/v2\/comments?post=769"}],"version-history":[{"count":670,"href":"https:\/\/myinvit.com\/wp\/wp-json\/wp\/v2\/pages\/769\/revisions"}],"predecessor-version":[{"id":7260,"href":"https:\/\/myinvit.com\/wp\/wp-json\/wp\/v2\/pages\/769\/revisions\/7260"}],"wp:attachment":[{"href":"https:\/\/myinvit.com\/wp\/wp-json\/wp\/v2\/media?parent=769"}],"curies":[{"name":"wp","href":"https:\/\/api.w.org\/{rel}","templated":true}]}}